{"id":45,"date":"2012-04-24T15:06:57","date_gmt":"2012-04-24T15:06:57","guid":{"rendered":"https:\/\/nootropic.tech\/?page_id=45"},"modified":"2020-12-18T22:00:26","modified_gmt":"2020-12-19T04:00:26","slug":"smart-drugs-list","status":"publish","type":"page","link":"https:\/\/nootropic.tech\/es\/smart-drugs-list\/","title":{"rendered":"Lista de medicamentos inteligentes: una breve gu\u00eda para principiantes sobre los nootr\u00f3picos"},"content":{"rendered":"<p>GetSmart! Nootr\u00f3picos es la mejor lista de nootr\u00f3picos, vitaminas, suplementos, amino\u00e1cidos y otras &quot;drogas inteligentes&quot;. Si tiene una dieta deficiente y se siente lento, pruebe algunas de las siguientes opciones:<\/p>\n<p><strong>Vitaminas del complejo B<\/strong>: Su cuerpo necesita vitaminas B para funcionar. Por lo general, uno obtiene lo suficiente a trav\u00e9s de una buena dieta, pero si come de manera inadecuada, podr\u00eda estar privando a su cuerpo de los componentes b\u00e1sicos que necesita para crear prote\u00ednas. Las vitaminas B ayudan con la depresi\u00f3n, la ansiedad y la fatiga.<\/p>\n<p><a href=\"https:\/\/amzn.to\/2WTYHYR\" target=\"_blank\" rel=\"noopener noreferrer\">\u00a1Compre complejo de vitamina B en Amazon!<\/a><\/p>\n<p><strong>Complejo omega<\/strong>: El omega 3 es el m\u00e1s importante de los \u00e1cidos grasos, pero un buen complejo 3-6-9 es excelente para mejorar el cabello y la piel, reducir el colesterol y es perfecto para la salud general del coraz\u00f3n. Si crees en Cheerios, deber\u00edas <a href=\"https:\/\/amzn.to\/2F22IjT\" target=\"_blank\" rel=\"noopener noreferrer\">prueba estos<\/a><img decoding=\"async\" class=\"lazyload\" style=\"border: none !important; margin: 0px !important;\" src=\"data:image\/gif;base64,R0lGODlhAQABAIAAAAAAAP\/\/\/yH5BAEAAAAALAAAAAABAAEAAAIBRAA7\" data-src=\"https:\/\/www.assoc-amazon.com\/e\/ir?t=getsmartdrugs-20&amp;l=ur2&amp;o=1\" alt=\"\" width=\"1\" height=\"1\" border=\"0\" \/><noscript><img decoding=\"async\" class=\"lazyload\" style=\"border: none !important; margin: 0px !important;\" src=\"https:\/\/www.assoc-amazon.com\/e\/ir?t=getsmartdrugs-20&amp;l=ur2&amp;o=1\" alt=\"\" width=\"1\" height=\"1\" border=\"0\" \/><\/noscript>.<\/p>\n<div>\n<div>Algunos otros nootr\u00f3picos populares son:<\/div>\n<\/div>\n<div>\n<ul>\n<li>Piracetam<\/li>\n<li><a href=\"https:\/\/nootropic.tech\/aniracetam-where-to-buy-dosage\/\" target=\"_blank\" rel=\"noopener noreferrer\">Aniracetam<\/a><\/li>\n<li><a href=\"https:\/\/nootropic.tech\/adrafinil-as-a-replacement-for-adderall\/\" target=\"_blank\" rel=\"noopener noreferrer\">Adrafinil<\/a><\/li>\n<li><a title=\"Revisi\u00f3n de Noopept\" href=\"https:\/\/nootropic.tech\/noopept-review\/\" target=\"_blank\" rel=\"noopener noreferrer\">Noopept<\/a><\/li>\n<li>L-huperzina A<\/li>\n<li><a title=\"Revisi\u00f3n de Alpha GPC: Alpha GPC como nootr\u00f3pico\" href=\"https:\/\/nootropic.tech\/alpha-gpc-review-alpha-gpc-as-a-nootropic\/\">Alpha GPC<\/a><\/li>\n<li>Vinpocetina<\/li>\n<li><a title=\"Phenibut, un derivado de GABA, ideal para la ansiedad\" href=\"https:\/\/nootropic.tech\/phenibut-a-derivative-of-gaba-great-for-anxiety\/\">Fenibut<\/a><\/li>\n<li><a title=\"Una gu\u00eda detallada sobre Picamilon\" href=\"https:\/\/nootropic.tech\/an-in-depth-guide-on-picamilon\/\">Picamilon<\/a><\/li>\n<li><a href=\"https:\/\/nootropic.tech\/centrophenoxine-what-it-is-and-how-it-works\/\" target=\"_blank\" rel=\"noopener noreferrer\">Centrofenoxina<\/a><\/li>\n<li>Teanina<\/li>\n<li><a title=\"Revisi\u00f3n de Coluracetam - Coluracetam para la enfermedad de Alzheimer y como nootr\u00f3pico\" href=\"https:\/\/nootropic.tech\/coluracetam-review-coluracetam-for-alzheimers-disease-and-as-a-nootropic\/\" target=\"_blank\" rel=\"noopener noreferrer\">Coluracetam<\/a><\/li>\n<li>Acetil L-Carnitina<\/li>\n<li><a href=\"https:\/\/nootropic.tech\/magnesium-threonate-review\/\" target=\"_blank\" rel=\"noopener noreferrer\">Treonato de magnesio<\/a><\/li>\n<li>Colina<\/li>\n<li>DHEA<\/li>\n<li><a title=\"Sulbutiamina (Arcalion) como nootr\u00f3pico\" href=\"https:\/\/nootropic.tech\/sulbutiamine-as-a-nootropic\/\" target=\"_blank\" rel=\"noopener noreferrer\">Sulbutiamina<\/a><\/li>\n<li><a href=\"https:\/\/nootropic.tech\/what-is-galantamine-a-galantamine-review-for-alzheimers-and-dementia\/\" target=\"_blank\" rel=\"noopener noreferrer\">Galantamina<\/a><\/li>\n<li><a href=\"https:\/\/nootropic.tech\/fasoracetam-a-possible-gaba-reuptake-inhibitor\/\" target=\"_blank\" rel=\"noopener noreferrer\">Fasoracetam<\/a><\/li>\n<li>L-tirosina<\/li>\n<li>L-tript\u00f3fano<\/li>\n<li>L-lisina<\/li>\n<li>L-arginina<\/li>\n<li>L-ornitina<\/li>\n<li>L-glutamina<\/li>\n<\/ul>\n<p>Recomiendo encarecidamente que si se toma en serio los nootr\u00f3picos, aprenda a crear sus propias mezclas, pero si reci\u00e9n est\u00e1 comenzando, aqu\u00ed hay algunas pilas de marcas para probar:<\/p>\n<ul>\n<li><a title=\"Revisi\u00f3n de Amphetarol\" href=\"https:\/\/nootropic.tech\/amphetarol-review\/\" target=\"_blank\" rel=\"noopener noreferrer\">Anfetarol<\/a><\/li>\n<li><a title=\"Revisi\u00f3n de AdderPlex: alternativa a Adderall, suplemento natural para el TDAH\" href=\"https:\/\/nootropic.tech\/adderplex-review-alternative-to-adderall-adhd-natural-supplement\/\" target=\"_blank\" rel=\"noopener noreferrer\">AdderPlex<\/a><\/li>\n<li><a title=\"Revisi\u00f3n de Neuroflexyn - Suplemento de mejora de la memoria \/ enfoque natural\" href=\"https:\/\/nootropic.tech\/neuroflexyn-review-natural-memory-focus-enhancement-supplement\/\" target=\"_blank\" rel=\"noopener noreferrer\">Neuroflexyn<\/a><\/li>\n<li><a title=\"Revisi\u00f3n de Neuro Clarity: todo un suplemento natural para el enfoque y la atenci\u00f3n\" href=\"https:\/\/nootropic.tech\/neuro-clarity-review-all-natural-supplement-for-focus-and-attention\/\" target=\"_blank\" rel=\"noopener noreferrer\">Neuro Claridad<\/a><\/li>\n<li><a href=\"https:\/\/nootropic.tech\/synaptol-review-does-synaptol-work-for-adhdadd\/\" target=\"_blank\" rel=\"noopener noreferrer\">Synaptol<\/a><\/li>\n<li><a href=\"https:\/\/nootropic.tech\/trubrain-review-the-racetam-stack-in-liquid-form\/\" target=\"_blank\" rel=\"noopener noreferrer\">TruBrain<\/a><\/li>\n<\/ul>\n<\/div>","protected":false},"excerpt":{"rendered":"<p>\u00a1Ponte inteligente! Nootropics es la mejor lista de nootr\u00f3picos, vitaminas, suplementos, amino\u00e1cidos y otras &quot;drogas inteligentes&quot;. Si tiene una dieta deficiente y se siente lento, pruebe algunos de los siguientes: Vitaminas del complejo B: su cuerpo necesita vitaminas B para funcionar. Por lo general, uno obtiene lo suficiente a trav\u00e9s de una buena dieta, pero si come incorrectamente, podr\u00eda estar... <\/p>\n<p class=\"read-more-container\"><a title=\"Lista de medicamentos inteligentes: una breve gu\u00eda para principiantes sobre los nootr\u00f3picos\" class=\"read-more button\" href=\"https:\/\/nootropic.tech\/es\/smart-drugs-list\/#more-45\" aria-label=\"Leer m\u00e1s sobre Lista de medicamentos inteligentes: una breve gu\u00eda para principiantes sobre nootr\u00f3picos\">Lee mas<\/a><\/p>","protected":false},"author":1,"featured_media":0,"parent":0,"menu_order":0,"comment_status":"open","ping_status":"closed","template":"","meta":{"footnotes":""},"class_list":{"0":"post-45","1":"page","2":"type-page","3":"status-publish","5":"no-featured-image-padding"},"_hostinger_reach_plugin_has_subscription_block":false,"_hostinger_reach_plugin_is_elementor":false,"_links":{"self":[{"href":"https:\/\/nootropic.tech\/es\/wp-json\/wp\/v2\/pages\/45","targetHints":{"allow":["GET"]}}],"collection":[{"href":"https:\/\/nootropic.tech\/es\/wp-json\/wp\/v2\/pages"}],"about":[{"href":"https:\/\/nootropic.tech\/es\/wp-json\/wp\/v2\/types\/page"}],"author":[{"embeddable":true,"href":"https:\/\/nootropic.tech\/es\/wp-json\/wp\/v2\/users\/1"}],"replies":[{"embeddable":true,"href":"https:\/\/nootropic.tech\/es\/wp-json\/wp\/v2\/comments?post=45"}],"version-history":[{"count":0,"href":"https:\/\/nootropic.tech\/es\/wp-json\/wp\/v2\/pages\/45\/revisions"}],"wp:attachment":[{"href":"https:\/\/nootropic.tech\/es\/wp-json\/wp\/v2\/media?parent=45"}],"curies":[{"name":"wp","href":"https:\/\/api.w.org\/{rel}","templated":true}]}}